{"id":3813,"date":"2020-12-29T19:17:32","date_gmt":"2020-12-29T17:17:32","guid":{"rendered":"http:\/\/eimuth.de\/?page_id=3813"},"modified":"2021-01-04T18:26:23","modified_gmt":"2021-01-04T16:26:23","slug":"bep-multiplikator","status":"publish","type":"page","link":"https:\/\/eimuth.de\/?page_id=3813","title":{"rendered":"BEP-Multiplikator"},"content":{"rendered":"\n<h2 class=\"wp-block-heading\">Medienp\u00e4dagogik und Forschen<\/h2>\n\n\n\n<div class=\"wp-block-image\"><figure class=\"alignright size-large is-resized\"><a href=\"https:\/\/eimuth.de\/wp-content\/uploads\/2021\/01\/IMG_20201125_144015-scaled.jpg\"><img loading=\"lazy\" decoding=\"async\" src=\"https:\/\/eimuth.de\/wp-content\/uploads\/2021\/01\/IMG_20201125_144015-1024x766.jpg\" alt=\"\" class=\"wp-image-4111\" width=\"231\" height=\"172\" srcset=\"https:\/\/eimuth.de\/wp-content\/uploads\/2021\/01\/IMG_20201125_144015-1024x766.jpg 1024w, https:\/\/eimuth.de\/wp-content\/uploads\/2021\/01\/IMG_20201125_144015-300x224.jpg 300w, https:\/\/eimuth.de\/wp-content\/uploads\/2021\/01\/IMG_20201125_144015-768x575.jpg 768w, https:\/\/eimuth.de\/wp-content\/uploads\/2021\/01\/IMG_20201125_144015-1536x1149.jpg 1536w, https:\/\/eimuth.de\/wp-content\/uploads\/2021\/01\/IMG_20201125_144015-2048x1532.jpg 2048w\" sizes=\"auto, (max-width: 231px) 100vw, 231px\" \/><\/a><\/figure><\/div>\n\n\n\n<p>Als vom Hessischen Sozialministerium zertifizierter Multiplikator f\u00fcr den Hessischen Bildungsplan biete ich Fortbildungen f\u00fcr die Bereiche Medienp\u00e4dagogik und Forschen in Krabbelstube, Kita, Hort und Schule an.<br>Die Fortbildungen werden vom Sozialministerium finanziert.<\/p>\n\n\n\n<p>Erfahrungen in diesen Bereichen konnte ich sammeln als Dozent in der Fachschule, als Leiter des Arbeitsbereiches Kita des Evangelischen Regionalverbandes, zust\u00e4ndig f\u00fcr 110 Einrichtungen, und Lehrbeauftragter an der Hochschule Darmstadt.<\/p>\n\n\n\n<div class=\"wp-block-image\"><figure class=\"alignright size-large is-resized\"><a href=\"https:\/\/eimuth.de\/wp-content\/uploads\/2020\/12\/Fthenakis-1-scaled.jpg\"><img loading=\"lazy\" decoding=\"async\" src=\"https:\/\/eimuth.de\/wp-content\/uploads\/2020\/12\/Fthenakis-1-1024x632.jpg\" alt=\"\" class=\"wp-image-3816\" width=\"235\" height=\"145\" srcset=\"https:\/\/eimuth.de\/wp-content\/uploads\/2020\/12\/Fthenakis-1-1024x632.jpg 1024w, https:\/\/eimuth.de\/wp-content\/uploads\/2020\/12\/Fthenakis-1-300x185.jpg 300w, https:\/\/eimuth.de\/wp-content\/uploads\/2020\/12\/Fthenakis-1-768x474.jpg 768w, https:\/\/eimuth.de\/wp-content\/uploads\/2020\/12\/Fthenakis-1-1536x947.jpg 1536w, https:\/\/eimuth.de\/wp-content\/uploads\/2020\/12\/Fthenakis-1-2048x1263.jpg 2048w\" sizes=\"auto, (max-width: 235px) 100vw, 235px\" \/><\/a><figcaption>Hier mit Kolleginnen und Kollegen bei einer BEP-Fortbildung und in der Mitte Prof. Fthenakis, dem Nestor der Bildungspl\u00e4ne<\/figcaption><\/figure><\/div>\n\n\n\n<p>Themen k\u00f6nnten sein:<\/p>\n\n\n\n<ul class=\"wp-block-list\"><li>Medienwelten der Kinder<\/li><li>Medienkompetenz im Kindesalter<\/li><li>Medienkompetenz \u00fcber Bildungsprozesse erwerben<\/li><li>Alte und Neue Medien<\/li><li>Medienbiografie<\/li><li>Teamkommunikation \u00fcber digitale Medien<\/li><li>Faszination digitaler Spiele<\/li><li>Einen Elternabend zum Thema gestalten <\/li><li>Natur, Technik, Zahlen, die MINT-Themen (Mathematik, Informatik, Naturwissenschaften und Technik)<\/li><\/ul>\n\n\n\n<p>Die Bereiche Medienp\u00e4dagogik und Forschen erg\u00e4nzen sich wunderbar, da zum Forschen oftmals Medien eingesetzt werden k\u00f6nnen.<\/p>\n\n\n\n<div class=\"wp-block-image\"><figure class=\"alignright size-large is-resized\"><a href=\"https:\/\/eimuth.de\/wp-content\/uploads\/2020\/12\/Titel-Bildungsplan.jpg\"><img loading=\"lazy\" decoding=\"async\" src=\"https:\/\/eimuth.de\/wp-content\/uploads\/2020\/12\/Titel-Bildungsplan.jpg\" alt=\"\" class=\"wp-image-3814\" width=\"120\" height=\"175\" srcset=\"https:\/\/eimuth.de\/wp-content\/uploads\/2020\/12\/Titel-Bildungsplan.jpg 611w, https:\/\/eimuth.de\/wp-content\/uploads\/2020\/12\/Titel-Bildungsplan-205x300.jpg 205w\" sizes=\"auto, (max-width: 120px) 100vw, 120px\" \/><\/a><\/figure><\/div>\n\n\n\n<p>Der BEP m\u00f6chte<\/p>\n\n\n\n<ul class=\"wp-block-list\"><li>starke Kinder,<\/li><li>verantwortungsvoll und wertorientiert handelnde Kinder,<\/li><li>kommunikations- und medienkompetente Kinder,<\/li><li>Kinder beim aktiven Lernen, Forschen und Entdecken,<\/li><li>Kinder als kreative und fantasievolle K\u00fcnstlerinnen und K\u00fcnstler.<\/li><\/ul>\n\n\n\n<p>Lassen Sie uns gemeinsam f\u00fcr dieses Ziel arbeiten. Wenn Sie an einer gemeinsamen Planung Interesse haben, so melden Sie sich doch unter<br>bep \u00e4t eimuth.de<\/p>\n\n\n\n<p>Mehr zu meiner Person <a href=\"https:\/\/eimuth.de\/?page_id=3772\">https:\/\/eimuth.de\/?page_id=3772<\/a><\/p>\n\n\n\n<p><\/p>\n","protected":false},"excerpt":{"rendered":"<p>Medienp\u00e4dagogik und Forschen Als vom Hessischen Sozialministerium zertifizierter Multiplikator f\u00fcr den Hessischen Bildungsplan biete ich Fortbildungen f\u00fcr die Bereiche Medienp\u00e4dagogik und Forschen in Krabbelstube, Kita, Hort und Schule an.Die Fortbildungen werden vom Sozialministerium finanziert. Erfahrungen in diesen Bereichen konnte ich sammeln als Dozent in der<\/p>\n","protected":false},"author":1,"featured_media":0,"parent":0,"menu_order":0,"comment_status":"closed","ping_status":"closed","template":"","meta":{"footnotes":""},"class_list":["post-3813","page","type-page","status-publish","hentry"],"_links":{"self":[{"href":"https:\/\/eimuth.de\/index.php?rest_route=\/wp\/v2\/pages\/3813","targetHints":{"allow":["GET"]}}],"collection":[{"href":"https:\/\/eimuth.de\/index.php?rest_route=\/wp\/v2\/pages"}],"about":[{"href":"https:\/\/eimuth.de\/index.php?rest_route=\/wp\/v2\/types\/page"}],"author":[{"embeddable":true,"href":"https:\/\/eimuth.de\/index.php?rest_route=\/wp\/v2\/users\/1"}],"replies":[{"embeddable":true,"href":"https:\/\/eimuth.de\/index.php?rest_route=%2Fwp%2Fv2%2Fcomments&post=3813"}],"version-history":[{"count":4,"href":"https:\/\/eimuth.de\/index.php?rest_route=\/wp\/v2\/pages\/3813\/revisions"}],"predecessor-version":[{"id":4112,"href":"https:\/\/eimuth.de\/index.php?rest_route=\/wp\/v2\/pages\/3813\/revisions\/4112"}],"wp:attachment":[{"href":"https:\/\/eimuth.de\/index.php?rest_route=%2Fwp%2Fv2%2Fmedia&parent=3813"}],"curies":[{"name":"wp","href":"https:\/\/api.w.org\/{rel}","templated":true}]}}